{"id":1916,"date":"2022-05-27T13:58:50","date_gmt":"2022-05-27T11:58:50","guid":{"rendered":"https:\/\/erespart.cz\/eshop\/?post_type=product&#038;p=1916"},"modified":"2022-05-27T14:07:11","modified_gmt":"2022-05-27T12:07:11","slug":"svetelny_ram","status":"publish","type":"product","link":"https:\/\/erespart.cz\/eshop\/produkt\/svetelny_ram\/","title":{"rendered":"Sv\u011bteln\u00fd r\u00e1m nad kabinu"},"content":{"rendered":"<div class=\"kvgmc6g5 cxmmr5t8 oygrvhab hcukyx3x c1et5uql ii04i59q\">\n<div dir=\"auto\">\n<p>Jedn\u00e1 se o LED sv\u011bteln\u00fd r\u00e1m nad kabinou.<\/p>\n<p>Pr\u00e1\u0161kov\u00e1 barva &#8211; \u010dern\u00e1, nebo nerez.<\/p>\n<p>&nbsp;<\/p>\n<\/div>\n<\/div>\n<div class=\"o9v6fnle cxmmr5t8 oygrvhab hcukyx3x c1et5uql ii04i59q\">\n<div dir=\"auto\"><strong>Cena r\u00e1mu:<\/strong> 25 000 K\u010d v\u010detn\u011b DPH<\/div>\n<div dir=\"auto\"><\/div>\n<\/div>\n<div dir=\"auto\"><strong>Z\u00e1ruka<\/strong>:<\/div>\n<ul>\n<li dir=\"auto\">1 rok<\/li>\n<\/ul>\n","protected":false},"excerpt":{"rendered":"<p>Jedn\u00e1 se o LED sv\u011bteln\u00fd r\u00e1m nad kabinou. Pr\u00e1\u0161kov\u00e1 barva &#8211; \u010dern\u00e1, nebo nerez. &nbsp; Cena r\u00e1mu: 25 000 K\u010d v\u010detn\u011b DPH Z\u00e1ruka: 1 rok<\/p>\n","protected":false},"featured_media":1918,"comment_status":"closed","ping_status":"closed","template":"","meta":[],"product_cat":[20],"product_tag":[],"yoast_head":"<!-- This site is optimized with the Yoast SEO plugin v16.5 - https:\/\/yoast.com\/wordpress\/plugins\/seo\/ -->\n<title>Sv\u011bteln\u00fd r\u00e1m nad kabinu - Erespart.cz<\/title>\n<meta name=\"robots\" content=\"index, follow, max-snippet:-1, max-image-preview:large, max-video-preview:-1\" \/>\n<link rel=\"canonical\" href=\"https:\/\/erespart.cz\/eshop\/produkt\/svetelny_ram\/\" \/>\n<meta property=\"og:locale\" content=\"cs_CZ\" \/>\n<meta property=\"og:type\" content=\"article\" \/>\n<meta property=\"og:title\" content=\"Sv\u011bteln\u00fd r\u00e1m nad kabinu - Erespart.cz\" \/>\n<meta property=\"og:description\" content=\"Jedn\u00e1 se o LED sv\u011bteln\u00fd r\u00e1m nad kabinou. Pr\u00e1\u0161kov\u00e1 barva &#8211; \u010dern\u00e1, nebo nerez. &nbsp; Cena r\u00e1mu: 25 000 K\u010d v\u010detn\u011b DPH Z\u00e1ruka: 1 rok\" \/>\n<meta property=\"og:url\" content=\"https:\/\/erespart.cz\/eshop\/produkt\/svetelny_ram\/\" \/>\n<meta property=\"og:site_name\" content=\"Erespart.cz\" \/>\n<meta property=\"article:modified_time\" content=\"2022-05-27T12:07:11+00:00\" \/>\n<meta property=\"og:image\" content=\"https:\/\/erespart.cz\/eshop\/wp-content\/uploads\/2022\/05\/IMG-20190719-WA0004.jpg\" \/>\n\t<meta property=\"og:image:width\" content=\"1600\" \/>\n\t<meta property=\"og:image:height\" content=\"1200\" \/>\n<meta name=\"twitter:card\" content=\"summary_large_image\" \/>\n<script type=\"application\/ld+json\" class=\"yoast-schema-graph\">{\"@context\":\"https:\/\/schema.org\",\"@graph\":[{\"@type\":\"Organization\",\"@id\":\"https:\/\/erespart.cz\/eshop\/#organization\",\"name\":\"ERES PART S.R.O.\",\"url\":\"https:\/\/erespart.cz\/eshop\/\",\"sameAs\":[],\"logo\":{\"@type\":\"ImageObject\",\"@id\":\"https:\/\/erespart.cz\/eshop\/#logo\",\"inLanguage\":\"cs\",\"url\":\"https:\/\/erespart.cz\/eshop\/wp-content\/uploads\/2019\/11\/ep_cerna_200x200.png\",\"contentUrl\":\"https:\/\/erespart.cz\/eshop\/wp-content\/uploads\/2019\/11\/ep_cerna_200x200.png\",\"width\":200,\"height\":200,\"caption\":\"ERES PART S.R.O.\"},\"image\":{\"@id\":\"https:\/\/erespart.cz\/eshop\/#logo\"}},{\"@type\":\"WebSite\",\"@id\":\"https:\/\/erespart.cz\/eshop\/#website\",\"url\":\"https:\/\/erespart.cz\/eshop\/\",\"name\":\"Erespart.cz\",\"description\":\"Prodej luxusn\\u00edch sedadel, sv\\u011bteln\\u00fdch r\\u00e1m\\u016f pro n\\u00e1kladn\\u00ed vozidla a p\\u0159estavba VIP vozidel.\",\"publisher\":{\"@id\":\"https:\/\/erespart.cz\/eshop\/#organization\"},\"potentialAction\":[{\"@type\":\"SearchAction\",\"target\":\"https:\/\/erespart.cz\/eshop\/?s={search_term_string}\",\"query-input\":\"required name=search_term_string\"}],\"inLanguage\":\"cs\"},{\"@type\":\"ImageObject\",\"@id\":\"https:\/\/erespart.cz\/eshop\/produkt\/svetelny_ram\/#primaryimage\",\"inLanguage\":\"cs\",\"url\":\"https:\/\/erespart.cz\/eshop\/wp-content\/uploads\/2022\/05\/IMG-20190719-WA0004.jpg\",\"contentUrl\":\"https:\/\/erespart.cz\/eshop\/wp-content\/uploads\/2022\/05\/IMG-20190719-WA0004.jpg\",\"width\":1600,\"height\":1200},{\"@type\":\"WebPage\",\"@id\":\"https:\/\/erespart.cz\/eshop\/produkt\/svetelny_ram\/#webpage\",\"url\":\"https:\/\/erespart.cz\/eshop\/produkt\/svetelny_ram\/\",\"name\":\"Sv\\u011bteln\\u00fd r\\u00e1m nad kabinu - Erespart.cz\",\"isPartOf\":{\"@id\":\"https:\/\/erespart.cz\/eshop\/#website\"},\"primaryImageOfPage\":{\"@id\":\"https:\/\/erespart.cz\/eshop\/produkt\/svetelny_ram\/#primaryimage\"},\"datePublished\":\"2022-05-27T11:58:50+00:00\",\"dateModified\":\"2022-05-27T12:07:11+00:00\",\"breadcrumb\":{\"@id\":\"https:\/\/erespart.cz\/eshop\/produkt\/svetelny_ram\/#breadcrumb\"},\"inLanguage\":\"cs\",\"potentialAction\":[{\"@type\":\"ReadAction\",\"target\":[\"https:\/\/erespart.cz\/eshop\/produkt\/svetelny_ram\/\"]}]},{\"@type\":\"BreadcrumbList\",\"@id\":\"https:\/\/erespart.cz\/eshop\/produkt\/svetelny_ram\/#breadcrumb\",\"itemListElement\":[{\"@type\":\"ListItem\",\"position\":1,\"name\":\"Dom\\u016f\",\"item\":\"https:\/\/erespart.cz\/eshop\/\"},{\"@type\":\"ListItem\",\"position\":2,\"name\":\"Obchod\",\"item\":\"https:\/\/erespart.cz\/eshop\/obchod\/\"},{\"@type\":\"ListItem\",\"position\":3,\"name\":\"Sv\\u011bteln\\u00fd r\\u00e1m nad kabinu\"}]}]}<\/script>\n<!-- \/ Yoast SEO plugin. -->","_links":{"self":[{"href":"https:\/\/erespart.cz\/eshop\/wp-json\/wp\/v2\/product\/1916"}],"collection":[{"href":"https:\/\/erespart.cz\/eshop\/wp-json\/wp\/v2\/product"}],"about":[{"href":"https:\/\/erespart.cz\/eshop\/wp-json\/wp\/v2\/types\/product"}],"replies":[{"embeddable":true,"href":"https:\/\/erespart.cz\/eshop\/wp-json\/wp\/v2\/comments?post=1916"}],"wp:featuredmedia":[{"embeddable":true,"href":"https:\/\/erespart.cz\/eshop\/wp-json\/wp\/v2\/media\/1918"}],"wp:attachment":[{"href":"https:\/\/erespart.cz\/eshop\/wp-json\/wp\/v2\/media?parent=1916"}],"wp:term":[{"taxonomy":"product_cat","embeddable":true,"href":"https:\/\/erespart.cz\/eshop\/wp-json\/wp\/v2\/product_cat?post=1916"},{"taxonomy":"product_tag","embeddable":true,"href":"https:\/\/erespart.cz\/eshop\/wp-json\/wp\/v2\/product_tag?post=1916"}],"curies":[{"name":"wp","href":"https:\/\/api.w.org\/{rel}","templated":true}]}}