{"id":1880,"date":"2022-05-23T17:37:28","date_gmt":"2022-05-23T15:37:28","guid":{"rendered":"https:\/\/erespart.cz\/eshop\/?post_type=product&#038;p=1880"},"modified":"2022-06-13T10:02:05","modified_gmt":"2022-06-13T08:02:05","slug":"minicz","status":"publish","type":"product","link":"https:\/\/erespart.cz\/eshop\/produkt\/minicz\/","title":{"rendered":"RiverTrailer Mini"},"content":{"rendered":"<div class=\"kvgmc6g5 cxmmr5t8 oygrvhab hcukyx3x c1et5uql ii04i59q\">\n<div dir=\"auto\">\n<p>Tento nebr\u017ed\u011bn\u00fd p\u0159\u00edv\u011bs do 750 kg je vyroben pouze z hlin\u00edku a nekoroduj\u00edc\u00ed oceli. M\u016f\u017eete ho vyu\u017e\u00edvat rekrea\u010dn\u011b na sou\u0161i a na vod\u011b, pro pobyty v p\u0159\u00edrod\u011b, k ryba\u0159en\u00ed, ale i k pracovn\u00edm \u010dinnostem, jako jsou p\u0159eprava r\u016fzn\u00fdch materi\u00e1l\u016f a pod.<\/p>\n<p>D\u00edky speci\u00e1ln\u00ed p\u011bn\u011b, kter\u00e1 vypl\u0148uje cel\u00fd plov\u00e1k, je naprosto nepotopiteln\u00fd.<\/p>\n<p class=\"p1\"><span class=\"s1\">Bo\u010dnice maj\u00ed 3 polohy: zav\u0159en\u00e9, otev\u0159en\u00e9 pro sezen\u00ed a \u00fapln\u00e9 otev\u0159en\u00ed pro snaz\u0161\u00ed nalo\u017een\u00ed na p\u0159\u00edv\u011bs.<\/span><\/p>\n<p class=\"p1\"><span class=\"s1\">Zadn\u00ed st\u011bna se d\u00e1 otev\u0159\u00edt bu\u010fto \u010d\u00e1ste\u010dn\u011b pro lodn\u00ed motor, nebo kompletn\u011b cel\u00e1. M\u016f\u017ee b\u00fdt tedy vyu\u017eita jako naj\u00ed\u017ed\u011bc\u00ed l\u00e1vka pro sk\u00fatr, \u010dty\u0159kolku , atd.<\/span><\/p>\n<p class=\"p1\"><span class=\"s1\">P\u0159edn\u00ed vstup slou\u017e\u00ed pro komfortn\u00ed nastupovan\u00ed na plavidlo.<\/span><\/p>\n<p class=\"p1\"><span class=\"s1\">Mo\u017enost komfortn\u00ed v\u00fdbavy: benz\u00ednov\u00fd lodn\u00ed motor, teleskopick\u00fd \u017eeb\u0159\u00edk do vody, p\u0159\u00eddavn\u00e9 stole\u010dky, \u00falo\u017en\u00e9 zamykac\u00ed boxy, dr\u017e\u00e1ky na kola, lednice, ryb\u00e1\u0159sk\u00e9 pruty a jin\u00e9.<\/span><\/p>\n<p class=\"p1\"><span class=\"s1\">Mo\u017enost\u00ed je registrace mal\u00e9ho plavidla pro pou\u017eit\u00ed siln\u011bj\u0161\u00edho lodn\u00edho motoru.<\/span><\/p>\n<p>&nbsp;<\/p>\n<p><span style=\"text-decoration: underline;\">Popis:<\/span><\/p>\n<ul>\n<li class=\"p1\"><span class=\"s1\">D\u00e9lka: 430 cm &#8211; \u0160\u00ed\u0159ka: 200 cm &#8211; V\u00fd\u0161ka: 134 cm<\/span><\/li>\n<li class=\"p1\"><span class=\"s1\">Hmotnost p\u0159\u00edv\u011bsu: 340 kg<\/span><\/li>\n<li class=\"p1\"><span class=\"s1\">U\u017eite\u010dn\u00e1 hmotnost na sou\u0161i: 410 kg<\/span><\/li>\n<li class=\"p1\"><span class=\"s1\">U\u017eite\u010dn\u00e1 hmotnost na vod\u011b: 660 kg<\/span><\/li>\n<li class=\"p1\"><span class=\"s1\">Po\u010det osob: 6<\/span><\/li>\n<li class=\"p1\"><span class=\"s1\">Maxim\u00e1ln\u00ed rychlost: 130 km\/h<\/span><\/li>\n<\/ul>\n<\/div>\n<\/div>\n<p>&nbsp;<\/p>\n<p><span style=\"text-decoration: underline;\">Materi\u00e1l:<\/span><\/p>\n<ul>\n<li>Hlin\u00edk<\/li>\n<\/ul>\n<div class=\"o9v6fnle cxmmr5t8 oygrvhab hcukyx3x c1et5uql ii04i59q\">\n<div dir=\"auto\"><strong>Cena p\u0159\u00edv\u011bsu:<\/strong>\u00a0od 149 999 K\u010d v\u010detn\u011b DPH<\/div>\n<div dir=\"auto\"><\/div>\n<\/div>\n<div dir=\"auto\"><strong>Z\u00e1ruka<\/strong>:<\/div>\n<ul>\n<li dir=\"auto\">2 roky<\/li>\n<\/ul>\n","protected":false},"excerpt":{"rendered":"<p>Tento nebr\u017ed\u011bn\u00fd p\u0159\u00edv\u011bs do 750 kg je vyroben pouze z hlin\u00edku a nekoroduj\u00edc\u00ed oceli. M\u016f\u017eete ho vyu\u017e\u00edvat rekrea\u010dn\u011b na sou\u0161i a na vod\u011b, pro pobyty v p\u0159\u00edrod\u011b, k ryba\u0159en\u00ed, ale i k pracovn\u00edm \u010dinnostem, jako jsou p\u0159eprava r\u016fzn\u00fdch materi\u00e1l\u016f a pod. D\u00edky speci\u00e1ln\u00ed p\u011bn\u011b, kter\u00e1 vypl\u0148uje cel\u00fd plov\u00e1k, je naprosto nepotopiteln\u00fd. Bo\u010dnice maj\u00ed 3 polohy: [&hellip;]<\/p>\n","protected":false},"featured_media":1908,"comment_status":"closed","ping_status":"closed","template":"","meta":[],"product_cat":[32],"product_tag":[],"yoast_head":"<!-- This site is optimized with the Yoast SEO plugin v16.5 - https:\/\/yoast.com\/wordpress\/plugins\/seo\/ -->\n<title>RiverTrailer Mini - Erespart.cz<\/title>\n<meta name=\"robots\" content=\"index, follow, max-snippet:-1, max-image-preview:large, max-video-preview:-1\" \/>\n<link rel=\"canonical\" href=\"https:\/\/erespart.cz\/eshop\/produkt\/minicz\/\" \/>\n<meta property=\"og:locale\" content=\"cs_CZ\" \/>\n<meta property=\"og:type\" content=\"article\" \/>\n<meta property=\"og:title\" content=\"RiverTrailer Mini - Erespart.cz\" \/>\n<meta property=\"og:description\" content=\"Tento nebr\u017ed\u011bn\u00fd p\u0159\u00edv\u011bs do 750 kg je vyroben pouze z hlin\u00edku a nekoroduj\u00edc\u00ed oceli. M\u016f\u017eete ho vyu\u017e\u00edvat rekrea\u010dn\u011b na sou\u0161i a na vod\u011b, pro pobyty v p\u0159\u00edrod\u011b, k ryba\u0159en\u00ed, ale i k pracovn\u00edm \u010dinnostem, jako jsou p\u0159eprava r\u016fzn\u00fdch materi\u00e1l\u016f a pod. D\u00edky speci\u00e1ln\u00ed p\u011bn\u011b, kter\u00e1 vypl\u0148uje cel\u00fd plov\u00e1k, je naprosto nepotopiteln\u00fd. Bo\u010dnice maj\u00ed 3 polohy: [&hellip;]\" \/>\n<meta property=\"og:url\" content=\"https:\/\/erespart.cz\/eshop\/produkt\/minicz\/\" \/>\n<meta property=\"og:site_name\" content=\"Erespart.cz\" \/>\n<meta property=\"article:modified_time\" content=\"2022-06-13T08:02:05+00:00\" \/>\n<meta property=\"og:image\" content=\"https:\/\/erespart.cz\/eshop\/wp-content\/uploads\/2022\/05\/DJI_0026-scaled-e1653320840826.jpeg\" \/>\n\t<meta property=\"og:image:width\" content=\"1830\" \/>\n\t<meta property=\"og:image:height\" content=\"2560\" \/>\n<meta name=\"twitter:card\" content=\"summary_large_image\" \/>\n<script type=\"application\/ld+json\" class=\"yoast-schema-graph\">{\"@context\":\"https:\/\/schema.org\",\"@graph\":[{\"@type\":\"Organization\",\"@id\":\"https:\/\/erespart.cz\/eshop\/#organization\",\"name\":\"ERES PART S.R.O.\",\"url\":\"https:\/\/erespart.cz\/eshop\/\",\"sameAs\":[],\"logo\":{\"@type\":\"ImageObject\",\"@id\":\"https:\/\/erespart.cz\/eshop\/#logo\",\"inLanguage\":\"cs\",\"url\":\"https:\/\/erespart.cz\/eshop\/wp-content\/uploads\/2019\/11\/ep_cerna_200x200.png\",\"contentUrl\":\"https:\/\/erespart.cz\/eshop\/wp-content\/uploads\/2019\/11\/ep_cerna_200x200.png\",\"width\":200,\"height\":200,\"caption\":\"ERES PART S.R.O.\"},\"image\":{\"@id\":\"https:\/\/erespart.cz\/eshop\/#logo\"}},{\"@type\":\"WebSite\",\"@id\":\"https:\/\/erespart.cz\/eshop\/#website\",\"url\":\"https:\/\/erespart.cz\/eshop\/\",\"name\":\"Erespart.cz\",\"description\":\"Prodej luxusn\\u00edch sedadel, sv\\u011bteln\\u00fdch r\\u00e1m\\u016f pro n\\u00e1kladn\\u00ed vozidla a p\\u0159estavba VIP vozidel.\",\"publisher\":{\"@id\":\"https:\/\/erespart.cz\/eshop\/#organization\"},\"potentialAction\":[{\"@type\":\"SearchAction\",\"target\":\"https:\/\/erespart.cz\/eshop\/?s={search_term_string}\",\"query-input\":\"required name=search_term_string\"}],\"inLanguage\":\"cs\"},{\"@type\":\"ImageObject\",\"@id\":\"https:\/\/erespart.cz\/eshop\/produkt\/minicz\/#primaryimage\",\"inLanguage\":\"cs\",\"url\":\"https:\/\/erespart.cz\/eshop\/wp-content\/uploads\/2022\/05\/DJI_0026-scaled-e1653320840826.jpeg\",\"contentUrl\":\"https:\/\/erespart.cz\/eshop\/wp-content\/uploads\/2022\/05\/DJI_0026-scaled-e1653320840826.jpeg\",\"width\":1830,\"height\":2560,\"caption\":\"DCIM100MEDIADJI_0026.JPG\"},{\"@type\":\"WebPage\",\"@id\":\"https:\/\/erespart.cz\/eshop\/produkt\/minicz\/#webpage\",\"url\":\"https:\/\/erespart.cz\/eshop\/produkt\/minicz\/\",\"name\":\"RiverTrailer Mini - Erespart.cz\",\"isPartOf\":{\"@id\":\"https:\/\/erespart.cz\/eshop\/#website\"},\"primaryImageOfPage\":{\"@id\":\"https:\/\/erespart.cz\/eshop\/produkt\/minicz\/#primaryimage\"},\"datePublished\":\"2022-05-23T15:37:28+00:00\",\"dateModified\":\"2022-06-13T08:02:05+00:00\",\"breadcrumb\":{\"@id\":\"https:\/\/erespart.cz\/eshop\/produkt\/minicz\/#breadcrumb\"},\"inLanguage\":\"cs\",\"potentialAction\":[{\"@type\":\"ReadAction\",\"target\":[\"https:\/\/erespart.cz\/eshop\/produkt\/minicz\/\"]}]},{\"@type\":\"BreadcrumbList\",\"@id\":\"https:\/\/erespart.cz\/eshop\/produkt\/minicz\/#breadcrumb\",\"itemListElement\":[{\"@type\":\"ListItem\",\"position\":1,\"name\":\"Dom\\u016f\",\"item\":\"https:\/\/erespart.cz\/eshop\/\"},{\"@type\":\"ListItem\",\"position\":2,\"name\":\"Obchod\",\"item\":\"https:\/\/erespart.cz\/eshop\/obchod\/\"},{\"@type\":\"ListItem\",\"position\":3,\"name\":\"RiverTrailer Mini\"}]}]}<\/script>\n<!-- \/ Yoast SEO plugin. -->","_links":{"self":[{"href":"https:\/\/erespart.cz\/eshop\/wp-json\/wp\/v2\/product\/1880"}],"collection":[{"href":"https:\/\/erespart.cz\/eshop\/wp-json\/wp\/v2\/product"}],"about":[{"href":"https:\/\/erespart.cz\/eshop\/wp-json\/wp\/v2\/types\/product"}],"replies":[{"embeddable":true,"href":"https:\/\/erespart.cz\/eshop\/wp-json\/wp\/v2\/comments?post=1880"}],"wp:featuredmedia":[{"embeddable":true,"href":"https:\/\/erespart.cz\/eshop\/wp-json\/wp\/v2\/media\/1908"}],"wp:attachment":[{"href":"https:\/\/erespart.cz\/eshop\/wp-json\/wp\/v2\/media?parent=1880"}],"wp:term":[{"taxonomy":"product_cat","embeddable":true,"href":"https:\/\/erespart.cz\/eshop\/wp-json\/wp\/v2\/product_cat?post=1880"},{"taxonomy":"product_tag","embeddable":true,"href":"https:\/\/erespart.cz\/eshop\/wp-json\/wp\/v2\/product_tag?post=1880"}],"curies":[{"name":"wp","href":"https:\/\/api.w.org\/{rel}","templated":true}]}}