{"id":94,"date":"2019-10-19T20:39:05","date_gmt":"2019-10-19T18:39:05","guid":{"rendered":"https:\/\/erespart.cz\/eshop\/?page_id=94"},"modified":"2021-10-21T19:25:38","modified_gmt":"2021-10-21T17:25:38","slug":"kontakt","status":"publish","type":"page","link":"https:\/\/erespart.cz\/eshop\/kontakt\/","title":{"rendered":"Kontakt"},"content":{"rendered":"[vc_row full_width=&#8220;stretch_row_content&#8220; content_placement=&#8220;middle&#8220; css=&#8220;.vc_custom_1572690411316{margin-top: -40px !important;margin-bottom: 50px !important;}&#8220;][vc_column css=&#8220;.vc_custom_1573334394408{padding-top: 200px !important;padding-bottom: 200px !important;background-image: url(https:\/\/erespart.cz\/eshop\/wp-content\/uploads\/2019\/11\/contact.jpg?id=250) !important;background-position: center !important;background-repeat: no-repeat !important;background-size: cover !important;}&#8220;][vc_custom_heading text=&#8220;KONTAKT&#8220; font_container=&#8220;tag:h1|font_size:45|text_align:center|color:%23ffffff&#8220; google_fonts=&#8220;font_family:Roboto%3A100%2C100italic%2C300%2C300italic%2Cregular%2Citalic%2C500%2C500italic%2C700%2C700italic%2C900%2C900italic|font_style:400%20regular%3A400%3Anormal&#8220;][\/vc_column][\/vc_row][vc_row][vc_column width=&#8220;1\/3&#8243;][vc_custom_heading text=&#8220;OTEV\u00cdRAC\u00cd DOBA&#8220; font_container=&#8220;tag:h2|text_align:center&#8220; google_fonts=&#8220;font_family:Roboto%3A100%2C100italic%2C300%2C300italic%2Cregular%2Citalic%2C500%2C500italic%2C700%2C700italic%2C900%2C900italic|font_style:500%20bold%20regular%3A500%3Anormal&#8220;][vc_column_text]\n<div id=\"panel-194-1-0-1\" class=\"so-panel widget widget_sow-editor\" data-index=\"2\">\n<div class=\"so-widget-sow-editor so-widget-sow-editor-base\">\n<div class=\"siteorigin-widget-tinymce textwidget\">\n<p style=\"text-align: center;\">Pond\u011bl\u00ed &#8211; P\u00e1tek 8.00 &#8211; 17.00 hod.<\/p>\n<p style=\"text-align: center;\">Po dohod\u011b i mimo pracovn\u00ed dobu.<\/p>\n<\/div>\n<\/div>\n<\/div>\n[\/vc_column_text][vc_custom_heading text=&#8220;V\u00ddROBA A SERVIS&#8220; font_container=&#8220;tag:h2|text_align:center&#8220; google_fonts=&#8220;font_family:Roboto%3A100%2C100italic%2C300%2C300italic%2Cregular%2Citalic%2C500%2C500italic%2C700%2C700italic%2C900%2C900italic|font_style:500%20bold%20regular%3A500%3Anormal&#8220;][vc_column_text]\n<div id=\"panel-194-1-0-3\" class=\"so-panel widget widget_sow-editor panel-last-child\" data-index=\"4\">\n<div class=\"so-widget-sow-editor so-widget-sow-editor-base\">\n<div class=\"siteorigin-widget-tinymce textwidget\">\n<p style=\"text-align: center;\">Robert \u0160ub\u00edk<\/p>\n<p style=\"text-align: center;\">Mobil: (+420) 721 437 610<\/p>\n<\/div>\n<\/div>\n<\/div>\n[\/vc_column_text][\/vc_column][vc_column width=&#8220;1\/3&#8243;][vc_custom_heading text=&#8220;S\u00cdDLO&#8220; font_container=&#8220;tag:h2|text_align:center&#8220; google_fonts=&#8220;font_family:Roboto%3A100%2C100italic%2C300%2C300italic%2Cregular%2Citalic%2C500%2C500italic%2C700%2C700italic%2C900%2C900italic|font_style:500%20bold%20regular%3A500%3Anormal&#8220;][vc_column_text css=&#8220;.vc_custom_1572690879995{padding-bottom: 20px !important;}&#8220;]\n<div id=\"panel-194-1-0-1\" class=\"so-panel widget widget_sow-editor\" data-index=\"2\">\n<div class=\"so-widget-sow-editor so-widget-sow-editor-base\">\n<div class=\"siteorigin-widget-tinymce textwidget\">\n<div id=\"panel-194-1-1-1\" class=\"so-panel widget widget_sow-editor\" data-index=\"6\">\n<div class=\"so-widget-sow-editor so-widget-sow-editor-base\">\n<div class=\"siteorigin-widget-tinymce textwidget\">\n<p style=\"text-align: center;\">Kysl\u00edkov\u00e1 1984\/4 143 00<\/p>\n<p style=\"text-align: center;\">Praha 4 &#8211; Mod\u0159any<\/p>\n<\/div>\n<\/div>\n<\/div>\n<\/div>\n<\/div>\n<\/div>\n[\/vc_column_text][vc_custom_heading text=&#8220;JAK SE K N\u00c1M DOSTANETE?&#8220; font_container=&#8220;tag:h2|text_align:center&#8220; google_fonts=&#8220;font_family:Roboto%3A100%2C100italic%2C300%2C300italic%2Cregular%2Citalic%2C500%2C500italic%2C700%2C700italic%2C900%2C900italic|font_style:500%20bold%20regular%3A500%3Anormal&#8220;][vc_column_text]<div class=\"su-gmap su-u-responsive-media-no\"><iframe width=\"2000\" height=\"500\" src=\"\/\/maps.google.com\/maps?q=ERES%20PART%20s.r.o.%2C%20Kysl%C3%ADkov%C3%A1%2C%20Praha%2012&amp;output=embed\" title=\"ERESPART s.r.o.\"><\/iframe><\/div>[\/vc_column_text][\/vc_column][vc_column width=&#8220;1\/3&#8243; css=&#8220;.vc_custom_1572692206440{padding-left: 30px !important;}&#8220;][vc_custom_heading text=&#8220;PO\u0160LETE N\u00c1M ZPR\u00c1VU&#8220; font_container=&#8220;tag:h2|text_align:center&#8220; google_fonts=&#8220;font_family:Roboto%3A100%2C100italic%2C300%2C300italic%2Cregular%2Citalic%2C500%2C500italic%2C700%2C700italic%2C900%2C900italic|font_style:500%20bold%20regular%3A500%3Anormal&#8220;][vc_column_text]<div role=\"form\" class=\"wpcf7\" id=\"wpcf7-f255-o1\" lang=\"cs-CZ\" dir=\"ltr\">\n<div class=\"screen-reader-response\"><p role=\"status\" aria-live=\"polite\" aria-atomic=\"true\"><\/p> <ul><\/ul><\/div>\n<form action=\"\/eshop\/wp-json\/wp\/v2\/pages\/94#wpcf7-f255-o1\" method=\"post\" class=\"wpcf7-form init\" novalidate=\"novalidate\" data-status=\"init\">\n<div style=\"display: none;\">\n<input type=\"hidden\" name=\"_wpcf7\" value=\"255\" \/>\n<input type=\"hidden\" name=\"_wpcf7_version\" value=\"5.4.1\" \/>\n<input type=\"hidden\" name=\"_wpcf7_locale\" value=\"cs_CZ\" \/>\n<input type=\"hidden\" name=\"_wpcf7_unit_tag\" value=\"wpcf7-f255-o1\" \/>\n<input type=\"hidden\" name=\"_wpcf7_container_post\" value=\"0\" \/>\n<input type=\"hidden\" name=\"_wpcf7_posted_data_hash\" value=\"\" \/>\n<\/div>\n<p><label> Va\u0161e jm\u00e9no*<br \/>\n    <span class=\"wpcf7-form-control-wrap your-name\"><input type=\"text\" name=\"your-name\" value=\"\" size=\"40\" class=\"wpcf7-form-control wpcf7-text wpcf7-validates-as-required\" aria-required=\"true\" aria-invalid=\"false\" \/><\/span> <\/label><\/p>\n<p><label> Co m\u016f\u017eeme opravit?*<br \/>\n    <span class=\"wpcf7-form-control-wrap your-message\"><textarea name=\"your-message\" cols=\"40\" rows=\"10\" class=\"wpcf7-form-control wpcf7-textarea\" aria-invalid=\"false\"><\/textarea><\/span> <\/label><\/p>\n<p><label> E-mail*<br \/>\n    <span class=\"wpcf7-form-control-wrap your-email\"><input type=\"email\" name=\"your-email\" value=\"\" size=\"40\" class=\"wpcf7-form-control wpcf7-text wpcf7-email wpcf7-validates-as-required wpcf7-validates-as-email\" aria-required=\"true\" aria-invalid=\"false\" \/><\/span> <\/label><\/p>\n<p><label> Telefon<br \/>\n    <span class=\"wpcf7-form-control-wrap tel-868\"><input type=\"tel\" name=\"tel-868\" value=\"\" size=\"40\" class=\"wpcf7-form-control wpcf7-text wpcf7-tel wpcf7-validates-as-tel\" aria-invalid=\"false\" \/><\/span> <\/label><\/p>\n<p><input type=\"submit\" value=\"Odeslat\" class=\"wpcf7-form-control wpcf7-submit\" \/><\/p>\n<div class=\"wpcf7-response-output\" aria-hidden=\"true\"><\/div><\/form><\/div>[\/vc_column_text][\/vc_column][\/vc_row][vc_row full_width=&#8220;stretch_row_content&#8220; content_placement=&#8220;middle&#8220;][vc_column css=&#8220;.vc_custom_1634836244343{background-position: center !important;background-repeat: no-repeat !important;background-size: cover !important;}&#8220;][vc_column_text]\n<p>&nbsp;<\/p>\n<ol>\n<li style=\"text-align: center;\">P\u0159ije\u010fte na adresu <strong>Kysl\u00edkov\u00e1 1984\/4, Praha<\/strong>, p\u0159ed V\u00e1mi bude pr\u016fmyslov\u00fd are\u00e1l, ve kter\u00e9m s\u00eddl\u00edme<\/li>\n<li style=\"text-align: center;\">Na br\u00e1n\u011b \u0159ekn\u011bte, \u017ee jedete do Erespartu<\/li>\n<li style=\"text-align: center;\">Na\u0161e budova je zhruba 100 metr\u016f p\u0159ed V\u00e1mi po prav\u00e9 stran\u011b a je dob\u0159e ozna\u010dena<\/li>\n<\/ol>\n<p><a href=\"https:\/\/erespart.cz\/eshop\/jak-se-k-nam-dostanete\/erespart-cesta\/#main\"><img loading=\"lazy\" class=\"aligncenter wp-image-1836\" src=\"https:\/\/erespart.cz\/eshop\/wp-content\/uploads\/2021\/10\/erespart-cesta-300x178.png\" alt=\"\" width=\"1080\" height=\"641\" srcset=\"https:\/\/erespart.cz\/eshop\/wp-content\/uploads\/2021\/10\/erespart-cesta-300x178.png 300w, https:\/\/erespart.cz\/eshop\/wp-content\/uploads\/2021\/10\/erespart-cesta-1024x608.png 1024w, https:\/\/erespart.cz\/eshop\/wp-content\/uploads\/2021\/10\/erespart-cesta-768x456.png 768w, https:\/\/erespart.cz\/eshop\/wp-content\/uploads\/2021\/10\/erespart-cesta-600x356.png 600w, https:\/\/erespart.cz\/eshop\/wp-content\/uploads\/2021\/10\/erespart-cesta.png 1276w\" sizes=\"(max-width: 1080px) 100vw, 1080px\" \/><\/a>[\/vc_column_text][\/vc_column][\/vc_row][vc_row][vc_column width=&#8220;1\/2&#8243;][vc_single_image image=&#8220;247&#8243; img_size=&#8220;81&#215;81&#8243; alignment=&#8220;right&#8220; onclick=&#8220;custom_link&#8220; img_link_target=&#8220;_blank&#8220; link=&#8220;https:\/\/www.instagram.com\/erespartcz\/&#8220; css=&#8220;.vc_custom_1572691693715{padding-top: 30px !important;padding-right: 5px !important;padding-bottom: 30px !important;}&#8220;][\/vc_column][vc_column width=&#8220;1\/2&#8243;][vc_single_image image=&#8220;248&#8243; img_size=&#8220;81&#215;81&#8243; onclick=&#8220;custom_link&#8220; img_link_target=&#8220;_blank&#8220; link=&#8220;https:\/\/www.facebook.com\/erespartcz\/&#8220; css=&#8220;.vc_custom_1572691699721{padding-top: 30px !important;padding-bottom: 30px !important;padding-left: 5px !important;}&#8220;][\/vc_column][\/vc_row]\n","protected":false},"excerpt":{"rendered":"<p>[vc_row full_width=&#8220;stretch_row_content&#8220; content_placement=&#8220;middle&#8220; css=&#8220;.vc_custom_1572690411316{margin-top: -40px !important;margin-bottom: 50px !important;}&#8220;][vc_column css=&#8220;.vc_custom_1573334394408{padding-top: 200px !important;padding-bottom: 200px !important;background-image: url(https:\/\/erespart.cz\/eshop\/wp-content\/uploads\/2019\/11\/contact.jpg?id=250) !important;background-position: center !important;background-repeat: no-repeat !important;background-size: cover !important;}&#8220;][vc_custom_heading text=&#8220;KONTAKT&#8220; font_container=&#8220;tag:h1|font_size:45|text_align:center|color:%23ffffff&#8220; google_fonts=&#8220;font_family:Roboto%3A100%2C100italic%2C300%2C300italic%2Cregular%2Citalic%2C500%2C500italic%2C700%2C700italic%2C900%2C900italic|font_style:400%20regular%3A400%3Anormal&#8220;][\/vc_column][\/vc_row][vc_row][vc_column width=&#8220;1\/3&#8243;][vc_custom_heading text=&#8220;OTEV\u00cdRAC\u00cd DOBA&#8220; font_container=&#8220;tag:h2|text_align:center&#8220; google_fonts=&#8220;font_family:Roboto%3A100%2C100italic%2C300%2C300italic%2Cregular%2Citalic%2C500%2C500italic%2C700%2C700italic%2C900%2C900italic|font_style:500%20bold%20regular%3A500%3Anormal&#8220;][vc_column_text] Pond\u011bl\u00ed &#8211; P\u00e1tek 8.00 &#8211; 17.00 hod. Po dohod\u011b i mimo pracovn\u00ed dobu. [\/vc_column_text][vc_custom_heading text=&#8220;V\u00ddROBA A SERVIS&#8220; font_container=&#8220;tag:h2|text_align:center&#8220; google_fonts=&#8220;font_family:Roboto%3A100%2C100italic%2C300%2C300italic%2Cregular%2Citalic%2C500%2C500italic%2C700%2C700italic%2C900%2C900italic|font_style:500%20bold%20regular%3A500%3Anormal&#8220;][vc_column_text] Robert \u0160ub\u00edk Mobil: (+420) 721 437 610 [&hellip;]<\/p>\n","protected":false},"author":1,"featured_media":0,"parent":0,"menu_order":0,"comment_status":"closed","ping_status":"closed","template":"","meta":[],"yoast_head":"<!-- This site is optimized with the Yoast SEO plugin v16.5 - https:\/\/yoast.com\/wordpress\/plugins\/seo\/ -->\n<title>Kontakt - Erespart.cz<\/title>\n<meta name=\"robots\" content=\"index, follow, max-snippet:-1, max-image-preview:large, max-video-preview:-1\" \/>\n<link rel=\"canonical\" href=\"https:\/\/erespart.cz\/eshop\/kontakt\/\" \/>\n<meta property=\"og:locale\" content=\"cs_CZ\" \/>\n<meta property=\"og:type\" content=\"article\" \/>\n<meta property=\"og:title\" content=\"Kontakt - Erespart.cz\" \/>\n<meta property=\"og:description\" content=\"[vc_row full_width=&#8220;stretch_row_content&#8220; content_placement=&#8220;middle&#8220; css=&#8220;.vc_custom_1572690411316{margin-top: -40px !important;margin-bottom: 50px !important;}&#8220;][vc_column css=&#8220;.vc_custom_1573334394408{padding-top: 200px !important;padding-bottom: 200px !important;background-image: url(https:\/\/erespart.cz\/eshop\/wp-content\/uploads\/2019\/11\/contact.jpg?id=250) !important;background-position: center !important;background-repeat: no-repeat !important;background-size: cover !important;}&#8220;][vc_custom_heading text=&#8220;KONTAKT&#8220; font_container=&#8220;tag:h1|font_size:45|text_align:center|color:%23ffffff&#8220; google_fonts=&#8220;font_family:Roboto%3A100%2C100italic%2C300%2C300italic%2Cregular%2Citalic%2C500%2C500italic%2C700%2C700italic%2C900%2C900italic|font_style:400%20regular%3A400%3Anormal&#8220;][\/vc_column][\/vc_row][vc_row][vc_column width=&#8220;1\/3&#8243;][vc_custom_heading text=&#8220;OTEV\u00cdRAC\u00cd DOBA&#8220; font_container=&#8220;tag:h2|text_align:center&#8220; google_fonts=&#8220;font_family:Roboto%3A100%2C100italic%2C300%2C300italic%2Cregular%2Citalic%2C500%2C500italic%2C700%2C700italic%2C900%2C900italic|font_style:500%20bold%20regular%3A500%3Anormal&#8220;][vc_column_text] Pond\u011bl\u00ed &#8211; P\u00e1tek 8.00 &#8211; 17.00 hod. Po dohod\u011b i mimo pracovn\u00ed dobu. [\/vc_column_text][vc_custom_heading text=&#8220;V\u00ddROBA A SERVIS&#8220; font_container=&#8220;tag:h2|text_align:center&#8220; google_fonts=&#8220;font_family:Roboto%3A100%2C100italic%2C300%2C300italic%2Cregular%2Citalic%2C500%2C500italic%2C700%2C700italic%2C900%2C900italic|font_style:500%20bold%20regular%3A500%3Anormal&#8220;][vc_column_text] Robert \u0160ub\u00edk Mobil: (+420) 721 437 610 [&hellip;]\" \/>\n<meta property=\"og:url\" content=\"https:\/\/erespart.cz\/eshop\/kontakt\/\" \/>\n<meta property=\"og:site_name\" content=\"Erespart.cz\" \/>\n<meta property=\"article:modified_time\" content=\"2021-10-21T17:25:38+00:00\" \/>\n<meta property=\"og:image\" content=\"https:\/\/erespart.cz\/eshop\/wp-content\/uploads\/2021\/10\/erespart-cesta-300x178.png\" \/>\n<meta name=\"twitter:card\" content=\"summary_large_image\" \/>\n<script type=\"application\/ld+json\" class=\"yoast-schema-graph\">{\"@context\":\"https:\/\/schema.org\",\"@graph\":[{\"@type\":\"Organization\",\"@id\":\"https:\/\/erespart.cz\/eshop\/#organization\",\"name\":\"ERES PART S.R.O.\",\"url\":\"https:\/\/erespart.cz\/eshop\/\",\"sameAs\":[],\"logo\":{\"@type\":\"ImageObject\",\"@id\":\"https:\/\/erespart.cz\/eshop\/#logo\",\"inLanguage\":\"cs\",\"url\":\"https:\/\/erespart.cz\/eshop\/wp-content\/uploads\/2019\/11\/ep_cerna_200x200.png\",\"contentUrl\":\"https:\/\/erespart.cz\/eshop\/wp-content\/uploads\/2019\/11\/ep_cerna_200x200.png\",\"width\":200,\"height\":200,\"caption\":\"ERES PART S.R.O.\"},\"image\":{\"@id\":\"https:\/\/erespart.cz\/eshop\/#logo\"}},{\"@type\":\"WebSite\",\"@id\":\"https:\/\/erespart.cz\/eshop\/#website\",\"url\":\"https:\/\/erespart.cz\/eshop\/\",\"name\":\"Erespart.cz\",\"description\":\"Prodej luxusn\\u00edch sedadel, sv\\u011bteln\\u00fdch r\\u00e1m\\u016f pro n\\u00e1kladn\\u00ed vozidla a p\\u0159estavba VIP vozidel.\",\"publisher\":{\"@id\":\"https:\/\/erespart.cz\/eshop\/#organization\"},\"potentialAction\":[{\"@type\":\"SearchAction\",\"target\":\"https:\/\/erespart.cz\/eshop\/?s={search_term_string}\",\"query-input\":\"required name=search_term_string\"}],\"inLanguage\":\"cs\"},{\"@type\":\"ImageObject\",\"@id\":\"https:\/\/erespart.cz\/eshop\/kontakt\/#primaryimage\",\"inLanguage\":\"cs\",\"url\":\"https:\/\/erespart.cz\/eshop\/wp-content\/uploads\/2021\/10\/erespart-cesta.png\",\"contentUrl\":\"https:\/\/erespart.cz\/eshop\/wp-content\/uploads\/2021\/10\/erespart-cesta.png\",\"width\":1276,\"height\":758},{\"@type\":\"WebPage\",\"@id\":\"https:\/\/erespart.cz\/eshop\/kontakt\/#webpage\",\"url\":\"https:\/\/erespart.cz\/eshop\/kontakt\/\",\"name\":\"Kontakt - Erespart.cz\",\"isPartOf\":{\"@id\":\"https:\/\/erespart.cz\/eshop\/#website\"},\"primaryImageOfPage\":{\"@id\":\"https:\/\/erespart.cz\/eshop\/kontakt\/#primaryimage\"},\"datePublished\":\"2019-10-19T18:39:05+00:00\",\"dateModified\":\"2021-10-21T17:25:38+00:00\",\"breadcrumb\":{\"@id\":\"https:\/\/erespart.cz\/eshop\/kontakt\/#breadcrumb\"},\"inLanguage\":\"cs\",\"potentialAction\":[{\"@type\":\"ReadAction\",\"target\":[\"https:\/\/erespart.cz\/eshop\/kontakt\/\"]}]},{\"@type\":\"BreadcrumbList\",\"@id\":\"https:\/\/erespart.cz\/eshop\/kontakt\/#breadcrumb\",\"itemListElement\":[{\"@type\":\"ListItem\",\"position\":1,\"name\":\"Dom\\u016f\",\"item\":\"https:\/\/erespart.cz\/eshop\/\"},{\"@type\":\"ListItem\",\"position\":2,\"name\":\"Kontakt\"}]}]}<\/script>\n<!-- \/ Yoast SEO plugin. -->","_links":{"self":[{"href":"https:\/\/erespart.cz\/eshop\/wp-json\/wp\/v2\/pages\/94"}],"collection":[{"href":"https:\/\/erespart.cz\/eshop\/wp-json\/wp\/v2\/pages"}],"about":[{"href":"https:\/\/erespart.cz\/eshop\/wp-json\/wp\/v2\/types\/page"}],"author":[{"embeddable":true,"href":"https:\/\/erespart.cz\/eshop\/wp-json\/wp\/v2\/users\/1"}],"replies":[{"embeddable":true,"href":"https:\/\/erespart.cz\/eshop\/wp-json\/wp\/v2\/comments?post=94"}],"version-history":[{"count":34,"href":"https:\/\/erespart.cz\/eshop\/wp-json\/wp\/v2\/pages\/94\/revisions"}],"predecessor-version":[{"id":1867,"href":"https:\/\/erespart.cz\/eshop\/wp-json\/wp\/v2\/pages\/94\/revisions\/1867"}],"wp:attachment":[{"href":"https:\/\/erespart.cz\/eshop\/wp-json\/wp\/v2\/media?parent=94"}],"curies":[{"name":"wp","href":"https:\/\/api.w.org\/{rel}","templated":true}]}}