{"id":1773,"date":"2021-06-23T20:50:22","date_gmt":"2021-06-23T18:50:22","guid":{"rendered":"https:\/\/erespart.cz\/eshop\/?page_id=1773"},"modified":"2021-10-20T12:17:09","modified_gmt":"2021-10-20T10:17:09","slug":"jak-se-k-nam-dostanete","status":"publish","type":"page","link":"https:\/\/erespart.cz\/eshop\/jak-se-k-nam-dostanete\/","title":{"rendered":"Jak se k n\u00e1m dostanete?"},"content":{"rendered":"<p>&nbsp;<\/p>\n<h1 style=\"text-align: center;\">JAK SE K N\u00c1M DOSTANETE?<\/h1>\n<ol>\n<li>P\u0159ije\u010fte na adresu <strong>Kysl\u00edkov\u00e1 1984\/4, Praha<\/strong>, p\u0159ed V\u00e1mi bude pr\u016fmyslov\u00fd are\u00e1l, ve kter\u00e9m s\u00eddl\u00edme<\/li>\n<li>Na br\u00e1n\u011b \u0159ekn\u011bte, \u017ee jedete do Erespartu<\/li>\n<li>Na\u0161e budova je zhruba 100 metr\u016f p\u0159ed V\u00e1mi po prav\u00e9 stran\u011b a je dob\u0159e ozna\u010dena<\/li>\n<\/ol>\n<p><a href=\"https:\/\/erespart.cz\/eshop\/jak-se-k-nam-dostanete\/erespart-cesta\/#main\"><img loading=\"lazy\" class=\"aligncenter wp-image-1836\" src=\"https:\/\/erespart.cz\/eshop\/wp-content\/uploads\/2021\/10\/erespart-cesta-300x178.png\" alt=\"\" width=\"845\" height=\"501\" srcset=\"https:\/\/erespart.cz\/eshop\/wp-content\/uploads\/2021\/10\/erespart-cesta-300x178.png 300w, https:\/\/erespart.cz\/eshop\/wp-content\/uploads\/2021\/10\/erespart-cesta-1024x608.png 1024w, https:\/\/erespart.cz\/eshop\/wp-content\/uploads\/2021\/10\/erespart-cesta-768x456.png 768w, https:\/\/erespart.cz\/eshop\/wp-content\/uploads\/2021\/10\/erespart-cesta-600x356.png 600w, https:\/\/erespart.cz\/eshop\/wp-content\/uploads\/2021\/10\/erespart-cesta.png 1276w\" sizes=\"(max-width: 845px) 100vw, 845px\" \/><\/a><\/p>\n<p>&nbsp;<\/p>\n<p>&nbsp;<\/p>\n","protected":false},"excerpt":{"rendered":"<p>&nbsp; JAK SE K N\u00c1M DOSTANETE? P\u0159ije\u010fte na adresu Kysl\u00edkov\u00e1 1984\/4, Praha, p\u0159ed V\u00e1mi bude pr\u016fmyslov\u00fd are\u00e1l, ve kter\u00e9m s\u00eddl\u00edme Na br\u00e1n\u011b \u0159ekn\u011bte, \u017ee jedete do Erespartu Na\u0161e budova je zhruba 100 metr\u016f p\u0159ed V\u00e1mi po prav\u00e9 stran\u011b a je dob\u0159e ozna\u010dena &nbsp; &nbsp;<\/p>\n","protected":false},"author":1,"featured_media":0,"parent":0,"menu_order":0,"comment_status":"closed","ping_status":"closed","template":"","meta":[],"yoast_head":"<!-- This site is optimized with the Yoast SEO plugin v16.5 - https:\/\/yoast.com\/wordpress\/plugins\/seo\/ -->\n<title>Jak se k n\u00e1m dostanete? - Erespart.cz<\/title>\n<meta name=\"robots\" content=\"index, follow, max-snippet:-1, max-image-preview:large, max-video-preview:-1\" \/>\n<link rel=\"canonical\" href=\"https:\/\/erespart.cz\/eshop\/jak-se-k-nam-dostanete\/\" \/>\n<meta property=\"og:locale\" content=\"cs_CZ\" \/>\n<meta property=\"og:type\" content=\"article\" \/>\n<meta property=\"og:title\" content=\"Jak se k n\u00e1m dostanete? - Erespart.cz\" \/>\n<meta property=\"og:description\" content=\"&nbsp; JAK SE K N\u00c1M DOSTANETE? P\u0159ije\u010fte na adresu Kysl\u00edkov\u00e1 1984\/4, Praha, p\u0159ed V\u00e1mi bude pr\u016fmyslov\u00fd are\u00e1l, ve kter\u00e9m s\u00eddl\u00edme Na br\u00e1n\u011b \u0159ekn\u011bte, \u017ee jedete do Erespartu Na\u0161e budova je zhruba 100 metr\u016f p\u0159ed V\u00e1mi po prav\u00e9 stran\u011b a je dob\u0159e ozna\u010dena &nbsp; &nbsp;\" \/>\n<meta property=\"og:url\" content=\"https:\/\/erespart.cz\/eshop\/jak-se-k-nam-dostanete\/\" \/>\n<meta property=\"og:site_name\" content=\"Erespart.cz\" \/>\n<meta property=\"article:modified_time\" content=\"2021-10-20T10:17:09+00:00\" \/>\n<meta property=\"og:image\" content=\"https:\/\/erespart.cz\/eshop\/wp-content\/uploads\/2021\/10\/erespart-cesta-300x178.png\" \/>\n<meta name=\"twitter:card\" content=\"summary_large_image\" \/>\n<script type=\"application\/ld+json\" class=\"yoast-schema-graph\">{\"@context\":\"https:\/\/schema.org\",\"@graph\":[{\"@type\":\"Organization\",\"@id\":\"https:\/\/erespart.cz\/eshop\/#organization\",\"name\":\"ERES PART S.R.O.\",\"url\":\"https:\/\/erespart.cz\/eshop\/\",\"sameAs\":[],\"logo\":{\"@type\":\"ImageObject\",\"@id\":\"https:\/\/erespart.cz\/eshop\/#logo\",\"inLanguage\":\"cs\",\"url\":\"https:\/\/erespart.cz\/eshop\/wp-content\/uploads\/2019\/11\/ep_cerna_200x200.png\",\"contentUrl\":\"https:\/\/erespart.cz\/eshop\/wp-content\/uploads\/2019\/11\/ep_cerna_200x200.png\",\"width\":200,\"height\":200,\"caption\":\"ERES PART S.R.O.\"},\"image\":{\"@id\":\"https:\/\/erespart.cz\/eshop\/#logo\"}},{\"@type\":\"WebSite\",\"@id\":\"https:\/\/erespart.cz\/eshop\/#website\",\"url\":\"https:\/\/erespart.cz\/eshop\/\",\"name\":\"Erespart.cz\",\"description\":\"Prodej luxusn\\u00edch sedadel, sv\\u011bteln\\u00fdch r\\u00e1m\\u016f pro n\\u00e1kladn\\u00ed vozidla a p\\u0159estavba VIP vozidel.\",\"publisher\":{\"@id\":\"https:\/\/erespart.cz\/eshop\/#organization\"},\"potentialAction\":[{\"@type\":\"SearchAction\",\"target\":\"https:\/\/erespart.cz\/eshop\/?s={search_term_string}\",\"query-input\":\"required name=search_term_string\"}],\"inLanguage\":\"cs\"},{\"@type\":\"ImageObject\",\"@id\":\"https:\/\/erespart.cz\/eshop\/jak-se-k-nam-dostanete\/#primaryimage\",\"inLanguage\":\"cs\",\"url\":\"https:\/\/erespart.cz\/eshop\/wp-content\/uploads\/2021\/10\/erespart-cesta.png\",\"contentUrl\":\"https:\/\/erespart.cz\/eshop\/wp-content\/uploads\/2021\/10\/erespart-cesta.png\",\"width\":1276,\"height\":758},{\"@type\":\"WebPage\",\"@id\":\"https:\/\/erespart.cz\/eshop\/jak-se-k-nam-dostanete\/#webpage\",\"url\":\"https:\/\/erespart.cz\/eshop\/jak-se-k-nam-dostanete\/\",\"name\":\"Jak se k n\\u00e1m dostanete? - Erespart.cz\",\"isPartOf\":{\"@id\":\"https:\/\/erespart.cz\/eshop\/#website\"},\"primaryImageOfPage\":{\"@id\":\"https:\/\/erespart.cz\/eshop\/jak-se-k-nam-dostanete\/#primaryimage\"},\"datePublished\":\"2021-06-23T18:50:22+00:00\",\"dateModified\":\"2021-10-20T10:17:09+00:00\",\"breadcrumb\":{\"@id\":\"https:\/\/erespart.cz\/eshop\/jak-se-k-nam-dostanete\/#breadcrumb\"},\"inLanguage\":\"cs\",\"potentialAction\":[{\"@type\":\"ReadAction\",\"target\":[\"https:\/\/erespart.cz\/eshop\/jak-se-k-nam-dostanete\/\"]}]},{\"@type\":\"BreadcrumbList\",\"@id\":\"https:\/\/erespart.cz\/eshop\/jak-se-k-nam-dostanete\/#breadcrumb\",\"itemListElement\":[{\"@type\":\"ListItem\",\"position\":1,\"name\":\"Dom\\u016f\",\"item\":\"https:\/\/erespart.cz\/eshop\/\"},{\"@type\":\"ListItem\",\"position\":2,\"name\":\"Jak se k n\\u00e1m dostanete?\"}]}]}<\/script>\n<!-- \/ Yoast SEO plugin. -->","_links":{"self":[{"href":"https:\/\/erespart.cz\/eshop\/wp-json\/wp\/v2\/pages\/1773"}],"collection":[{"href":"https:\/\/erespart.cz\/eshop\/wp-json\/wp\/v2\/pages"}],"about":[{"href":"https:\/\/erespart.cz\/eshop\/wp-json\/wp\/v2\/types\/page"}],"author":[{"embeddable":true,"href":"https:\/\/erespart.cz\/eshop\/wp-json\/wp\/v2\/users\/1"}],"replies":[{"embeddable":true,"href":"https:\/\/erespart.cz\/eshop\/wp-json\/wp\/v2\/comments?post=1773"}],"version-history":[{"count":11,"href":"https:\/\/erespart.cz\/eshop\/wp-json\/wp\/v2\/pages\/1773\/revisions"}],"predecessor-version":[{"id":1840,"href":"https:\/\/erespart.cz\/eshop\/wp-json\/wp\/v2\/pages\/1773\/revisions\/1840"}],"wp:attachment":[{"href":"https:\/\/erespart.cz\/eshop\/wp-json\/wp\/v2\/media?parent=1773"}],"curies":[{"name":"wp","href":"https:\/\/api.w.org\/{rel}","templated":true}]}}