{"id":1754,"date":"2021-06-21T12:14:05","date_gmt":"2021-06-21T10:14:05","guid":{"rendered":"https:\/\/erespart.cz\/eshop\/?page_id=1754"},"modified":"2024-08-08T12:07:09","modified_gmt":"2024-08-08T10:07:09","slug":"formular-pro-odstoupeni-od-smlouvy","status":"publish","type":"page","link":"https:\/\/erespart.cz\/eshop\/formular-pro-odstoupeni-od-smlouvy\/","title":{"rendered":"Formul\u00e1\u0159 pro odstoupen\u00ed od smlouvy"},"content":{"rendered":"<h1><\/h1>\n<h1 style=\"text-align: center;\">FORMUL\u00c1\u0158 PRO ODSTOUPEN\u00cd OD SMLOUVY<\/h1>\n<p>(vypl\u0148te tento formul\u00e1\u0159 a ode\u0161lete jej zp\u011bt pouze v p\u0159\u00edpad\u011b, \u017ee chcete odstoupit od smlouvy. Formul\u00e1\u0159 je t\u0159eba vytisknout, podepsat a zaslat naskenovan\u00fd na n\u00ed\u017ee uvedenou e-mailovou adresu, p\u0159\u00edpadn\u011b jej vlo\u017eit do z\u00e1silky s vr\u00e1cen\u00fdm zbo\u017e\u00edm).<\/p>\n<p><strong>Adres\u00e1t<\/strong><\/p>\n<p>Internetov\u00fd obchod:\u00a0\u00a0\u00a0\u00a0\u00a0\u00a0\u00a0\u00a0\u00a0\u00a0\u00a0\u00a0\u00a0\u00a0 <strong><em>www.erespart.cz\/eshop<\/em><\/strong><\/p>\n<p>Spole\u010dnost:\u00a0\u00a0\u00a0\u00a0\u00a0\u00a0\u00a0\u00a0\u00a0\u00a0\u00a0\u00a0\u00a0\u00a0\u00a0\u00a0\u00a0\u00a0\u00a0\u00a0\u00a0\u00a0\u00a0\u00a0\u00a0\u00a0\u00a0\u00a0\u00a0 <strong><em>ERES PART Group s.r.o.<\/em><\/strong><\/p>\n<p>Se s\u00eddlem:\u00a0\u00a0\u00a0\u00a0\u00a0\u00a0\u00a0\u00a0\u00a0\u00a0\u00a0\u00a0\u00a0\u00a0\u00a0\u00a0\u00a0\u00a0\u00a0\u00a0\u00a0\u00a0 \u00a0 \u00a0 \u00a0 \u00a0\u00a0 <strong><em>Kysl\u00edkov\u00e1 1984\/4, Mod\u0159any, 143 00 Praha<\/em><\/strong><\/p>\n<p>I\u010c\/DI\u010c:\u00a0\u00a0\u00a0\u00a0\u00a0\u00a0\u00a0\u00a0\u00a0\u00a0\u00a0\u00a0\u00a0\u00a0\u00a0\u00a0\u00a0\u00a0\u00a0\u00a0\u00a0\u00a0\u00a0\u00a0\u00a0\u00a0\u00a0\u00a0\u00a0\u00a0\u00a0\u00a0\u00a0\u00a0\u00a0 <strong>04145267\/CZ04145267<\/strong><\/p>\n<p>E-mailov\u00e1 adresa:\u00a0\u00a0\u00a0\u00a0\u00a0\u00a0\u00a0\u00a0\u00a0\u00a0\u00a0\u00a0\u00a0\u00a0\u00a0\u00a0\u00a0 <strong><em>info@erespart.cz<\/em><\/strong><\/p>\n<p>Telefonn\u00ed \u010d\u00edslo:\u00a0\u00a0\u00a0\u00a0\u00a0\u00a0\u00a0\u00a0\u00a0\u00a0\u00a0\u00a0\u00a0\u00a0\u00a0\u00a0\u00a0\u00a0\u00a0\u00a0\u00a0\u00a0 <strong><em>+420 721 437 610<\/em><\/strong><\/p>\n<p>&nbsp;<\/p>\n<p><strong>Oznamuji<\/strong>, <strong>\u017ee t\u00edmto odstupuji<\/strong> <strong>od smlouvy o n\u00e1kupu tohoto zbo\u017e\u00ed<\/strong> <em>(*)<\/em>\/<strong>o poskytnut\u00ed t\u011bchto slu\u017eeb<\/strong> <em>(*)<\/em>:<\/p>\n<ul>\n<li><strong>Datum objedn\u00e1n\u00ed<\/strong> <em>(*)<\/em>\/<strong>datum obdr\u017een\u00ed<\/strong> <em>(*)<\/em><\/li>\n<li><strong>\u010c\u00edslo objedn\u00e1vky:<\/strong><\/li>\n<li><strong>Pen\u011b\u017en\u00ed prost\u0159edky za objedn\u00e1n\u00ed, p\u0159\u00edpadn\u011b i za doru\u010den\u00ed, byly zasl\u00e1ny zp\u016fsobem <\/strong><em>(*)<br \/>\n<\/em><strong>a budou navr\u00e1ceny zp\u011bt zp\u016fsobem<\/strong> (v p\u0159\u00edpad\u011b p\u0159evodu na \u00fa\u010det pros\u00edm o zasl\u00e1n\u00ed \u010d\u00edsla \u00fa\u010dtu) <em>(*)<\/em><\/li>\n<li><strong>Jm\u00e9no a p\u0159\u00edjmen\u00ed spot\u0159ebitele:<\/strong><\/li>\n<li><strong>Adresa spot\u0159ebitele:<\/strong><\/li>\n<li><strong>Email:<\/strong><\/li>\n<li><strong>Telefon:<\/strong><\/li>\n<\/ul>\n<p>&nbsp;<\/p>\n<p><strong>\u00a0<\/strong><\/p>\n<p><strong>\u00a0<\/strong><\/p>\n<p><strong>\u00a0<\/strong><\/p>\n<p style=\"text-align: center;\"><strong>V <\/strong><em>(zde vypl\u0148te m\u00edsto)<\/em>, <strong>Dne<\/strong> <em>(zde dopl\u0148te datum)<\/em><\/p>\n<p style=\"text-align: center;\"><em>\u00a0\u00a0\u00a0\u00a0\u00a0\u00a0\u00a0\u00a0\u00a0\u00a0\u00a0\u00a0\u00a0\u00a0\u00a0\u00a0\u00a0\u00a0\u00a0\u00a0\u00a0\u00a0\u00a0\u00a0\u00a0\u00a0\u00a0\u00a0\u00a0\u00a0\u00a0\u00a0\u00a0\u00a0\u00a0\u00a0\u00a0 (podpis)<strong><br \/>\n______________________________________<\/strong><\/em><\/p>\n<p style=\"text-align: center;\"><strong><em>\u00a0\u00a0\u00a0\u00a0\u00a0\u00a0\u00a0\u00a0\u00a0\u00a0\u00a0\u00a0\u00a0 <\/em><\/strong><strong>Jm\u00e9no a p\u0159\u00edjmen\u00ed spot\u0159ebitele<\/strong><\/p>\n<p style=\"text-align: center;\"><em>(*) Nehod\u00edc\u00ed se \u0161krtn\u011bte nebo \u00fadaje dopl\u0148te.<\/em><\/p>\n<p>&nbsp;<\/p>\n","protected":false},"excerpt":{"rendered":"<p>FORMUL\u00c1\u0158 PRO ODSTOUPEN\u00cd OD SMLOUVY (vypl\u0148te tento formul\u00e1\u0159 a ode\u0161lete jej zp\u011bt pouze v p\u0159\u00edpad\u011b, \u017ee chcete odstoupit od smlouvy. Formul\u00e1\u0159 je t\u0159eba vytisknout, podepsat a zaslat naskenovan\u00fd na n\u00ed\u017ee uvedenou e-mailovou adresu, p\u0159\u00edpadn\u011b jej vlo\u017eit do z\u00e1silky s vr\u00e1cen\u00fdm zbo\u017e\u00edm). Adres\u00e1t Internetov\u00fd obchod:\u00a0\u00a0\u00a0\u00a0\u00a0\u00a0\u00a0\u00a0\u00a0\u00a0\u00a0\u00a0\u00a0\u00a0 www.erespart.cz\/eshop Spole\u010dnost:\u00a0\u00a0\u00a0\u00a0\u00a0\u00a0\u00a0\u00a0\u00a0\u00a0\u00a0\u00a0\u00a0\u00a0\u00a0\u00a0\u00a0\u00a0\u00a0\u00a0\u00a0\u00a0\u00a0\u00a0\u00a0\u00a0\u00a0\u00a0\u00a0 ERES PART Group s.r.o. Se s\u00eddlem:\u00a0\u00a0\u00a0\u00a0\u00a0\u00a0\u00a0\u00a0\u00a0\u00a0\u00a0\u00a0\u00a0\u00a0\u00a0\u00a0\u00a0\u00a0\u00a0\u00a0\u00a0\u00a0 \u00a0 \u00a0 \u00a0 [&hellip;]<\/p>\n","protected":false},"author":1,"featured_media":0,"parent":0,"menu_order":0,"comment_status":"closed","ping_status":"closed","template":"","meta":[],"yoast_head":"<!-- This site is optimized with the Yoast SEO plugin v16.5 - https:\/\/yoast.com\/wordpress\/plugins\/seo\/ -->\n<title>Formul\u00e1\u0159 pro odstoupen\u00ed od smlouvy - Erespart.cz<\/title>\n<meta name=\"robots\" content=\"index, follow, max-snippet:-1, max-image-preview:large, max-video-preview:-1\" \/>\n<link rel=\"canonical\" href=\"https:\/\/erespart.cz\/eshop\/formular-pro-odstoupeni-od-smlouvy\/\" \/>\n<meta property=\"og:locale\" content=\"cs_CZ\" \/>\n<meta property=\"og:type\" content=\"article\" \/>\n<meta property=\"og:title\" content=\"Formul\u00e1\u0159 pro odstoupen\u00ed od smlouvy - Erespart.cz\" \/>\n<meta property=\"og:description\" content=\"FORMUL\u00c1\u0158 PRO ODSTOUPEN\u00cd OD SMLOUVY (vypl\u0148te tento formul\u00e1\u0159 a ode\u0161lete jej zp\u011bt pouze v p\u0159\u00edpad\u011b, \u017ee chcete odstoupit od smlouvy. Formul\u00e1\u0159 je t\u0159eba vytisknout, podepsat a zaslat naskenovan\u00fd na n\u00ed\u017ee uvedenou e-mailovou adresu, p\u0159\u00edpadn\u011b jej vlo\u017eit do z\u00e1silky s vr\u00e1cen\u00fdm zbo\u017e\u00edm). Adres\u00e1t Internetov\u00fd obchod:\u00a0\u00a0\u00a0\u00a0\u00a0\u00a0\u00a0\u00a0\u00a0\u00a0\u00a0\u00a0\u00a0\u00a0 www.erespart.cz\/eshop Spole\u010dnost:\u00a0\u00a0\u00a0\u00a0\u00a0\u00a0\u00a0\u00a0\u00a0\u00a0\u00a0\u00a0\u00a0\u00a0\u00a0\u00a0\u00a0\u00a0\u00a0\u00a0\u00a0\u00a0\u00a0\u00a0\u00a0\u00a0\u00a0\u00a0\u00a0 ERES PART Group s.r.o. Se s\u00eddlem:\u00a0\u00a0\u00a0\u00a0\u00a0\u00a0\u00a0\u00a0\u00a0\u00a0\u00a0\u00a0\u00a0\u00a0\u00a0\u00a0\u00a0\u00a0\u00a0\u00a0\u00a0\u00a0 \u00a0 \u00a0 \u00a0 [&hellip;]\" \/>\n<meta property=\"og:url\" content=\"https:\/\/erespart.cz\/eshop\/formular-pro-odstoupeni-od-smlouvy\/\" \/>\n<meta property=\"og:site_name\" content=\"Erespart.cz\" \/>\n<meta property=\"article:modified_time\" content=\"2024-08-08T10:07:09+00:00\" \/>\n<meta name=\"twitter:card\" content=\"summary_large_image\" \/>\n<script type=\"application\/ld+json\" class=\"yoast-schema-graph\">{\"@context\":\"https:\/\/schema.org\",\"@graph\":[{\"@type\":\"Organization\",\"@id\":\"https:\/\/erespart.cz\/eshop\/#organization\",\"name\":\"ERES PART S.R.O.\",\"url\":\"https:\/\/erespart.cz\/eshop\/\",\"sameAs\":[],\"logo\":{\"@type\":\"ImageObject\",\"@id\":\"https:\/\/erespart.cz\/eshop\/#logo\",\"inLanguage\":\"cs\",\"url\":\"https:\/\/erespart.cz\/eshop\/wp-content\/uploads\/2019\/11\/ep_cerna_200x200.png\",\"contentUrl\":\"https:\/\/erespart.cz\/eshop\/wp-content\/uploads\/2019\/11\/ep_cerna_200x200.png\",\"width\":200,\"height\":200,\"caption\":\"ERES PART S.R.O.\"},\"image\":{\"@id\":\"https:\/\/erespart.cz\/eshop\/#logo\"}},{\"@type\":\"WebSite\",\"@id\":\"https:\/\/erespart.cz\/eshop\/#website\",\"url\":\"https:\/\/erespart.cz\/eshop\/\",\"name\":\"Erespart.cz\",\"description\":\"Prodej luxusn\\u00edch sedadel, sv\\u011bteln\\u00fdch r\\u00e1m\\u016f pro n\\u00e1kladn\\u00ed vozidla a p\\u0159estavba VIP vozidel.\",\"publisher\":{\"@id\":\"https:\/\/erespart.cz\/eshop\/#organization\"},\"potentialAction\":[{\"@type\":\"SearchAction\",\"target\":\"https:\/\/erespart.cz\/eshop\/?s={search_term_string}\",\"query-input\":\"required name=search_term_string\"}],\"inLanguage\":\"cs\"},{\"@type\":\"WebPage\",\"@id\":\"https:\/\/erespart.cz\/eshop\/formular-pro-odstoupeni-od-smlouvy\/#webpage\",\"url\":\"https:\/\/erespart.cz\/eshop\/formular-pro-odstoupeni-od-smlouvy\/\",\"name\":\"Formul\\u00e1\\u0159 pro odstoupen\\u00ed od smlouvy - Erespart.cz\",\"isPartOf\":{\"@id\":\"https:\/\/erespart.cz\/eshop\/#website\"},\"datePublished\":\"2021-06-21T10:14:05+00:00\",\"dateModified\":\"2024-08-08T10:07:09+00:00\",\"breadcrumb\":{\"@id\":\"https:\/\/erespart.cz\/eshop\/formular-pro-odstoupeni-od-smlouvy\/#breadcrumb\"},\"inLanguage\":\"cs\",\"potentialAction\":[{\"@type\":\"ReadAction\",\"target\":[\"https:\/\/erespart.cz\/eshop\/formular-pro-odstoupeni-od-smlouvy\/\"]}]},{\"@type\":\"BreadcrumbList\",\"@id\":\"https:\/\/erespart.cz\/eshop\/formular-pro-odstoupeni-od-smlouvy\/#breadcrumb\",\"itemListElement\":[{\"@type\":\"ListItem\",\"position\":1,\"name\":\"Dom\\u016f\",\"item\":\"https:\/\/erespart.cz\/eshop\/\"},{\"@type\":\"ListItem\",\"position\":2,\"name\":\"Formul\\u00e1\\u0159 pro odstoupen\\u00ed od smlouvy\"}]}]}<\/script>\n<!-- \/ Yoast SEO plugin. -->","_links":{"self":[{"href":"https:\/\/erespart.cz\/eshop\/wp-json\/wp\/v2\/pages\/1754"}],"collection":[{"href":"https:\/\/erespart.cz\/eshop\/wp-json\/wp\/v2\/pages"}],"about":[{"href":"https:\/\/erespart.cz\/eshop\/wp-json\/wp\/v2\/types\/page"}],"author":[{"embeddable":true,"href":"https:\/\/erespart.cz\/eshop\/wp-json\/wp\/v2\/users\/1"}],"replies":[{"embeddable":true,"href":"https:\/\/erespart.cz\/eshop\/wp-json\/wp\/v2\/comments?post=1754"}],"version-history":[{"count":8,"href":"https:\/\/erespart.cz\/eshop\/wp-json\/wp\/v2\/pages\/1754\/revisions"}],"predecessor-version":[{"id":1962,"href":"https:\/\/erespart.cz\/eshop\/wp-json\/wp\/v2\/pages\/1754\/revisions\/1962"}],"wp:attachment":[{"href":"https:\/\/erespart.cz\/eshop\/wp-json\/wp\/v2\/media?parent=1754"}],"curies":[{"name":"wp","href":"https:\/\/api.w.org\/{rel}","templated":true}]}}