{"id":142,"date":"2019-10-22T22:01:30","date_gmt":"2019-10-22T20:01:30","guid":{"rendered":"https:\/\/erespart.cz\/eshop\/?page_id=142"},"modified":"2021-12-07T09:18:07","modified_gmt":"2021-12-07T08:18:07","slug":"homepage","status":"publish","type":"page","link":"https:\/\/erespart.cz\/eshop\/","title":{"rendered":"Hlavn\u00ed strana"},"content":{"rendered":"[vc_row][vc_column][vc_empty_space height=&#8220;30&#8243;][\/vc_column][\/vc_row][vc_row disable_element=&#8220;yes&#8220;][vc_column css_animation=&#8220;left-to-right&#8220; width=&#8220;1\/2&#8243; css=&#8220;.vc_custom_1624475106236{padding-right: 30px !important;}&#8220;][vc_column_text]\n<h3>PALETOV\u00dd R\u00c1M<\/h3>\n[\/vc_column_text][vc_column_text]Umo\u017e\u0148uje na sebe stohovat euro palety v pot\u0159ebn\u00e9 v\u00fd\u0161ce p\u0159i pln\u00e9 plo\u0161n\u00e9 z\u00e1stavb\u011b palety.<\/p>\n<p>V\u00fd\u0161ku osazen\u00ed pro n\u00e1sleduj\u00edc\u00ed paletu je mo\u017en\u00e9 volit dle pot\u0159eby, nebo v\u00fd\u0161kov\u00e9 obsazenosti p\u0159edchoz\u00ed palety.<\/p>\n<p>T\u00edmto zp\u016fsobem se p\u0159i skladov\u00e1n\u00ed palet maximalizuje prostorov\u00e1 vyu\u017eitelnost skladovac\u00edch a p\u0159epravn\u00edch prostor nad paletou.[\/vc_column_text][\/vc_column][vc_column css_animation=&#8220;right-to-left&#8220; width=&#8220;1\/2&#8243;][vc_single_image image=&#8220;1676&#8243; img_size=&#8220;540&#215;540&#8243; alignment=&#8220;center&#8220; onclick=&#8220;custom_link&#8220; link=&#8220;https:\/\/erespart.cz\/eshop\/produkt\/drzak-na-stohovani-palet\/&#8220;]<p class=\"product woocommerce add_to_cart_inline \" style=\"border:4px solid #ccc; padding: 12px;\"><span class=\"woocommerce-Price-amount amount\"><bdi>6 699&nbsp;<span class=\"woocommerce-Price-currencySymbol\">&#75;&#269;<\/span><\/bdi><\/span> <small class=\"woocommerce-price-suffix\">s DPH<\/small><a href=\"https:\/\/erespart.cz\/eshop\/?post_type=product&#038;p=882\" data-quantity=\"1\" class=\"button product_type_simple\" data-product_id=\"882\" data-product_sku=\"\" aria-label=\"Zjistit v\u00edce o &ldquo;Paletov\u00fd r\u00e1m&rdquo;\" rel=\"nofollow\">\u010ct\u011bte v\u00edce<\/a><\/p>[\/vc_column][\/vc_row][vc_row disable_element=&#8220;yes&#8220;][vc_column][vc_empty_space height=&#8220;80&#8243;][\/vc_column][\/vc_row][vc_row disable_element=&#8220;yes&#8220;][vc_column css_animation=&#8220;left-to-right&#8220; width=&#8220;1\/2&#8243; css=&#8220;.vc_custom_1624212163288{margin-bottom: 50px !important;}&#8220;][vc_single_image image=&#8220;1718&#8243; img_size=&#8220;540&#215;540&#8243; alignment=&#8220;center&#8220; onclick=&#8220;custom_link&#8220; link=&#8220;https:\/\/erespart.cz\/eshop\/produkt\/ochranna-sit-na-palety\/&#8220;]<p class=\"product woocommerce add_to_cart_inline \" style=\"border:4px solid #ccc; padding: 12px;\"><span class=\"woocommerce-Price-amount amount\"><bdi>2 420&nbsp;<span class=\"woocommerce-Price-currencySymbol\">&#75;&#269;<\/span><\/bdi><\/span> <small class=\"woocommerce-price-suffix\">s DPH<\/small><a href=\"https:\/\/erespart.cz\/eshop\/?post_type=product&#038;p=1659\" data-quantity=\"1\" class=\"button product_type_simple\" data-product_id=\"1659\" data-product_sku=\"\" aria-label=\"Zjistit v\u00edce o &ldquo;S\u00ed\u0165 s v\u00edkem&rdquo;\" rel=\"nofollow\">\u010ct\u011bte v\u00edce<\/a><\/p>[\/vc_column][vc_column css_animation=&#8220;right-to-left&#8220; width=&#8220;1\/2&#8243; css=&#8220;.vc_custom_1624475099735{padding-left: 30px !important;}&#8220;][vc_column_text]\n<h3>S\u00cd\u0164 S V\u00cdKEM<\/h3>\n[\/vc_column_text][vc_column_text]Elastick\u00e1 s\u00ed\u0165 obep\u00edn\u00e1 nalo\u017eenou paletu a je mo\u017en\u00e9 zbo\u017e\u00ed dokl\u00e1dat, nebo odeb\u00edrat pomoc\u00ed horn\u00edho v\u00edka.<\/p>\n<p>S\u00ed\u0165 je mo\u017en\u00e9 pomoc\u00ed lanka obepnout a zaplombovat, nebo jen ut\u00e1hnout kolem r\u00e1mu na stohov\u00e1n\u00ed palet.<\/p>\n<p>Jedn\u00e1 se o ekologickou alternativu, nebo\u0165 se d\u00e1 pou\u017e\u00edvat opakovan\u011b. Finan\u010dn\u00ed n\u00e1vratnost se odhaduje na 6 m\u011bs\u00edc\u016f.[\/vc_column_text][\/vc_column][\/vc_row][vc_row disable_element=&#8220;yes&#8220;][vc_column css_animation=&#8220;left-to-right&#8220; width=&#8220;1\/2&#8243; css=&#8220;.vc_custom_1624212163288{margin-bottom: 50px !important;}&#8220;][vc_column_text]\n<h3>S\u00cd\u0164 BEZ V\u00cdKA (PUN\u010cOCHA)<\/h3>\n[\/vc_column_text][vc_column_text]Elastickou s\u00ed\u0165 je tak\u00e9 mo\u017en\u00e9 koupit bez v\u00edka v proveden\u00ed tzv. pun\u010dochy.<\/p>\n<p>S\u00ed\u0165 je mo\u017en\u00e9 pomoc\u00ed lanka obepnout a zaplombovat, nebo jen ut\u00e1hnout kolem r\u00e1mu na stohov\u00e1n\u00ed palet.<\/p>\n<p>Jedn\u00e1 se o ekologickou alternativu, nebo\u0165 se d\u00e1 pou\u017e\u00edvat opakovan\u011b. Finan\u010dn\u00ed n\u00e1vratnost se odhaduje na 6 m\u011bs\u00edc\u016f.[\/vc_column_text][\/vc_column][vc_column css_animation=&#8220;right-to-left&#8220; width=&#8220;1\/2&#8243; css=&#8220;.vc_custom_1624475099735{padding-left: 30px !important;}&#8220;][vc_single_image image=&#8220;1718&#8243; img_size=&#8220;540&#215;540&#8243; alignment=&#8220;center&#8220; onclick=&#8220;custom_link&#8220; link=&#8220;https:\/\/erespart.cz\/eshop\/produkt\/sit-bez-vika\/&#8220;]<p class=\"product woocommerce add_to_cart_inline \" style=\"border:4px solid #ccc; padding: 12px;\"><span class=\"woocommerce-Price-amount amount\"><bdi>1 936&nbsp;<span class=\"woocommerce-Price-currencySymbol\">&#75;&#269;<\/span><\/bdi><\/span> <small class=\"woocommerce-price-suffix\">s DPH<\/small><a href=\"https:\/\/erespart.cz\/eshop\/?post_type=product&#038;p=1805\" data-quantity=\"1\" class=\"button product_type_simple\" data-product_id=\"1805\" data-product_sku=\"\" aria-label=\"Zjistit v\u00edce o &ldquo;S\u00ed\u0165 bez v\u00edka (pun\u010docha)&rdquo;\" rel=\"nofollow\">\u010ct\u011bte v\u00edce<\/a><\/p>[\/vc_column][\/vc_row][vc_row][vc_column][vc_empty_space height=&#8220;50&#8243;][\/vc_column][\/vc_row][vc_row][vc_column css_animation=&#8220;bottom-to-top&#8220; width=&#8220;1\/2&#8243; css=&#8220;.vc_custom_1624475141799{padding-right: 30px !important;}&#8220;][vc_single_image image=&#8220;1716&#8243; img_size=&#8220;large&#8220; onclick=&#8220;custom_link&#8220; img_link_target=&#8220;_blank&#8220; link=&#8220;https:\/\/erespart.cz\/&#8220;][\/vc_column][vc_column css_animation=&#8220;top-to-bottom&#8220; width=&#8220;1\/2&#8243;][vc_column_text]\n<h3>Vlastn\u00ed projekt<\/h3>\n<p>M\u00e1te v hlav\u011b n\u00e1pad nebo projekt se kter\u00fdm pot\u0159ebujete pomoct? Vyu\u017eijte na\u0161\u00ed specializovanou d\u00edlnu.<\/p>\n<p>Pod\u00edvejte se na na\u0161e str\u00e1nky <a href=\"https:\/\/erespart.cz\/\">https:\/\/erespart.cz\/<\/a><\/p>\n<p>Nebo n\u00e1s rovnou kontaktujte <a href=\"https:\/\/erespart.cz\/kontakt\/\">https:\/\/erespart.cz\/kontakt\/<\/a>[\/vc_column_text][\/vc_column][\/vc_row][vc_row full_width=&#8220;stretch_row&#8220; parallax=&#8220;content-moving&#8220; parallax_speed_bg=&#8220;2&#8243; disable_element=&#8220;yes&#8220; css=&#8220;.vc_custom_1590916310891{padding-top: 150px !important;padding-bottom: 150px !important;background: #000000 url(https:\/\/erespart.cz\/eshop\/wp-content\/uploads\/2019\/11\/MEETINGS.jpg?id=258);}&#8220;][vc_column][vc_custom_heading text=&#8220;NEZ\u00c1VAZN\u00c1 KONZULTACE&#8220; font_container=&#8220;tag:h2|font_size:42|text_align:left|color:%23ffffff&#8220; google_fonts=&#8220;font_family:Roboto%3A100%2C100italic%2C300%2C300italic%2Cregular%2Citalic%2C500%2C500italic%2C700%2C700italic%2C900%2C900italic|font_style:400%20regular%3A400%3Anormal&#8220;][vc_column_text]<span style=\"color: #ffffff;\">M\u00e1te specifick\u00fd projekt a pot\u0159ebujete zkonzultovat pou\u017eit\u00ed na\u0161ich v\u00fdrobk\u016f? Vyu\u017eijte nez\u00e1vaznou konzultaci zdarma v prostor\u00e1ch na\u0161eho v\u00fdvojov\u00e9ho centra.<\/span><\/p>\n<p><span style=\"color: #ffffff;\">M\u00e1me pohodln\u00e1 k\u0159esla a dobrou k\u00e1vu.<\/span>[\/vc_column_text][vc_btn title=&#8220;Domluvit konzultaci zdarma&#8220; style=&#8220;outline&#8220; shape=&#8220;square&#8220; color=&#8220;white&#8220; size=&#8220;lg&#8220; link=&#8220;url:https%3A%2F%2Ferespart.cz%2Feshop%2Fkontakt%2F|||&#8220; css=&#8220;.vc_custom_1572699715614{padding-top: 30px !important;}&#8220;][\/vc_column][\/vc_row][vc_row][vc_column][vc_empty_space height=&#8220;80&#8243;][\/vc_column][\/vc_row][vc_row full_width=&#8220;stretch_row&#8220; css=&#8220;.vc_custom_1634215904145{padding-top: 50px !important;padding-bottom: 40px !important;background-color: #000000 !important;}&#8220;][vc_column width=&#8220;1\/3&#8243;][vc_icon icon_fontawesome=&#8220;fa fa-check&#8220; color=&#8220;white&#8220; align=&#8220;center&#8220;][vc_column_text]\n<h4 style=\"text-align: center;\"><span style=\"color: #ffffff;\">P\u0159estavba vozidel<\/span><\/h4>\n<p style=\"text-align: center;\">Jsme tady pro v\u00e1s, pokud V\u00e1m u\u017e Va\u0161e vozidlo velikostn\u011b \u010di hmotnostn\u011b nevyhovuje, pot\u0159ebujete-li v\u011bt\u0161\u00ed, p\u0159\u00edpadn\u011b jste-li v\u00fdrobci sanitek nebo obytn\u00fdch vozidel apod., a pot\u0159ebujete roz\u0161\u00ed\u0159it karoserii Va\u0161eho vozidla.<\/p>\n[\/vc_column_text][\/vc_column][vc_column width=&#8220;1\/3&#8243;][vc_icon icon_fontawesome=&#8220;fa fa-check&#8220; color=&#8220;white&#8220; align=&#8220;center&#8220;][vc_column_text]\n<h4 style=\"text-align: center;\"><span style=\"color: #ffffff;\">Speci\u00e1ln\u00ed \u00fapravy<\/span><\/h4>\n<p style=\"text-align: center;\">Pot\u0159ebujete ze sv\u00e9 dod\u00e1vky ud\u011blat prvot\u0159\u00eddn\u00ed VIP vozidlo, nap\u0159. pro veden\u00ed d\u016fle\u017eit\u00fdch obchodn\u00edch jedn\u00e1n\u00ed? Vozidlo, kter\u00e9 bude jezdit t\u0159eba i po vod\u011b? \u2013 I to dok\u00e1\u017eeme ud\u011blat.<\/p>\n[\/vc_column_text][\/vc_column][vc_column width=&#8220;1\/3&#8243;][vc_icon icon_fontawesome=&#8220;fa fa-check&#8220; color=&#8220;white&#8220; align=&#8220;center&#8220;][vc_column_text]\n<h4 style=\"text-align: center;\"><span style=\"color: #ffffff;\">Luxusn\u00ed sedadla<\/span><\/h4>\n<p style=\"text-align: center;\">Jsme certifikovan\u00ed v\u00fdrobci luxusn\u00edch sedadel dle homologace EU.<\/p>\n[\/vc_column_text][\/vc_column][\/vc_row][vc_row full_width=&#8220;stretch_row&#8220; css=&#8220;.vc_custom_1634215913606{padding-top: 10px !important;padding-bottom: 50px !important;background-color: #000000 !important;}&#8220;][vc_column width=&#8220;1\/3&#8243;][vc_icon icon_fontawesome=&#8220;fa fa-check&#8220; color=&#8220;white&#8220; align=&#8220;center&#8220;][vc_column_text]\n<h4 style=\"text-align: center;\"><span style=\"color: #ffffff;\">Homologace<\/span><\/h4>\n<p style=\"text-align: center;\">U v\u0161ech vyroben\u00fdch komponent zaji\u0161\u0165ujeme homologa\u010dn\u00ed zkou\u0161ky.<\/p>\n[\/vc_column_text][\/vc_column][vc_column width=&#8220;1\/3&#8243;][vc_icon icon_fontawesome=&#8220;fa fa-check&#8220; color=&#8220;white&#8220; align=&#8220;center&#8220;][vc_column_text]\n<h4 style=\"text-align: center;\"><span style=\"color: #ffffff;\">V\u00fdroba komponent<\/span><\/h4>\n<p style=\"text-align: center;\">Vyr\u00e1b\u00edme luxusn\u00ed sedadla, postav\u00edme pro V\u00e1s n\u00e1jezdovou rampu, \u2026 \u2013 jsme schopni ud\u011blat v\u0161e, co V\u00e1s napadne.<\/p>\n[\/vc_column_text][\/vc_column][vc_column width=&#8220;1\/3&#8243;][vc_icon icon_fontawesome=&#8220;fa fa-check&#8220; color=&#8220;white&#8220; align=&#8220;center&#8220;][vc_column_text]\n<h4 style=\"text-align: center;\"><span style=\"color: #ffffff;\">Autoservis<\/span><\/h4>\n<p style=\"text-align: center;\">Poskytujeme kompletn\u00ed slu\u017eby v\u010detn\u011b servisu v\u0161ech vozidel, a to i vozidel t\u011b\u017ek\u00fdch, n\u00e1kladn\u00edch \u010di autobus\u016f.<\/p>\n[\/vc_column_text][\/vc_column][\/vc_row][vc_row full_width=&#8220;stretch_row_content_no_spaces&#8220;][vc_column][vc_column_text css=&#8220;.vc_custom_1624280370508{margin-bottom: -13px !important;}&#8220;]<div class=\"su-gmap su-u-responsive-media-no\"><iframe width=\"2000\" height=\"500\" src=\"\/\/maps.google.com\/maps?q=ERES%20PART%20s.r.o.%2C%20Kysl%C3%ADkov%C3%A1%2C%20Praha%2012&amp;output=embed\" title=\"ERESPART s.r.o.\"><\/iframe><\/div>[\/vc_column_text][\/vc_column][\/vc_row][vc_row][vc_column][\/vc_column][\/vc_row]\n","protected":false},"excerpt":{"rendered":"<p>[vc_row][vc_column][vc_empty_space height=&#8220;30&#8243;][\/vc_column][\/vc_row][vc_row disable_element=&#8220;yes&#8220;][vc_column css_animation=&#8220;left-to-right&#8220; width=&#8220;1\/2&#8243; css=&#8220;.vc_custom_1624475106236{padding-right: 30px !important;}&#8220;][vc_column_text] PALETOV\u00dd R\u00c1M [\/vc_column_text][vc_column_text]Umo\u017e\u0148uje na sebe stohovat euro palety v pot\u0159ebn\u00e9 v\u00fd\u0161ce p\u0159i pln\u00e9 plo\u0161n\u00e9 z\u00e1stavb\u011b palety. V\u00fd\u0161ku osazen\u00ed pro n\u00e1sleduj\u00edc\u00ed paletu je mo\u017en\u00e9 volit dle pot\u0159eby, nebo v\u00fd\u0161kov\u00e9 obsazenosti p\u0159edchoz\u00ed palety. T\u00edmto zp\u016fsobem se p\u0159i skladov\u00e1n\u00ed palet maximalizuje prostorov\u00e1 vyu\u017eitelnost skladovac\u00edch a p\u0159epravn\u00edch prostor nad paletou.[\/vc_column_text][\/vc_column][vc_column css_animation=&#8220;right-to-left&#8220; [&hellip;]<\/p>\n","protected":false},"author":1,"featured_media":0,"parent":0,"menu_order":0,"comment_status":"closed","ping_status":"closed","template":"","meta":[],"yoast_head":"<!-- This site is optimized with the Yoast SEO plugin v16.5 - https:\/\/yoast.com\/wordpress\/plugins\/seo\/ -->\n<title>Eshop- Erespart.cz<\/title>\n<meta name=\"robots\" content=\"index, follow, max-snippet:-1, max-image-preview:large, max-video-preview:-1\" \/>\n<link rel=\"canonical\" href=\"https:\/\/erespart.cz\/eshop\/\" \/>\n<meta property=\"og:locale\" content=\"cs_CZ\" \/>\n<meta property=\"og:type\" content=\"article\" \/>\n<meta property=\"og:title\" content=\"Eshop- Erespart.cz\" \/>\n<meta property=\"og:description\" content=\"[vc_row][vc_column][vc_empty_space height=&#8220;30&#8243;][\/vc_column][\/vc_row][vc_row disable_element=&#8220;yes&#8220;][vc_column css_animation=&#8220;left-to-right&#8220; width=&#8220;1\/2&#8243; css=&#8220;.vc_custom_1624475106236{padding-right: 30px !important;}&#8220;][vc_column_text] PALETOV\u00dd R\u00c1M [\/vc_column_text][vc_column_text]Umo\u017e\u0148uje na sebe stohovat euro palety v pot\u0159ebn\u00e9 v\u00fd\u0161ce p\u0159i pln\u00e9 plo\u0161n\u00e9 z\u00e1stavb\u011b palety. V\u00fd\u0161ku osazen\u00ed pro n\u00e1sleduj\u00edc\u00ed paletu je mo\u017en\u00e9 volit dle pot\u0159eby, nebo v\u00fd\u0161kov\u00e9 obsazenosti p\u0159edchoz\u00ed palety. T\u00edmto zp\u016fsobem se p\u0159i skladov\u00e1n\u00ed palet maximalizuje prostorov\u00e1 vyu\u017eitelnost skladovac\u00edch a p\u0159epravn\u00edch prostor nad paletou.[\/vc_column_text][\/vc_column][vc_column css_animation=&#8220;right-to-left&#8220; [&hellip;]\" \/>\n<meta property=\"og:url\" content=\"https:\/\/erespart.cz\/eshop\/\" \/>\n<meta property=\"og:site_name\" content=\"Erespart.cz\" \/>\n<meta property=\"article:modified_time\" content=\"2021-12-07T08:18:07+00:00\" \/>\n<meta name=\"twitter:card\" content=\"summary_large_image\" \/>\n<script type=\"application\/ld+json\" class=\"yoast-schema-graph\">{\"@context\":\"https:\/\/schema.org\",\"@graph\":[{\"@type\":\"Organization\",\"@id\":\"https:\/\/erespart.cz\/eshop\/#organization\",\"name\":\"ERES PART S.R.O.\",\"url\":\"https:\/\/erespart.cz\/eshop\/\",\"sameAs\":[],\"logo\":{\"@type\":\"ImageObject\",\"@id\":\"https:\/\/erespart.cz\/eshop\/#logo\",\"inLanguage\":\"cs\",\"url\":\"https:\/\/erespart.cz\/eshop\/wp-content\/uploads\/2019\/11\/ep_cerna_200x200.png\",\"contentUrl\":\"https:\/\/erespart.cz\/eshop\/wp-content\/uploads\/2019\/11\/ep_cerna_200x200.png\",\"width\":200,\"height\":200,\"caption\":\"ERES PART S.R.O.\"},\"image\":{\"@id\":\"https:\/\/erespart.cz\/eshop\/#logo\"}},{\"@type\":\"WebSite\",\"@id\":\"https:\/\/erespart.cz\/eshop\/#website\",\"url\":\"https:\/\/erespart.cz\/eshop\/\",\"name\":\"Erespart.cz\",\"description\":\"Prodej luxusn\\u00edch sedadel, sv\\u011bteln\\u00fdch r\\u00e1m\\u016f pro n\\u00e1kladn\\u00ed vozidla a p\\u0159estavba VIP vozidel.\",\"publisher\":{\"@id\":\"https:\/\/erespart.cz\/eshop\/#organization\"},\"potentialAction\":[{\"@type\":\"SearchAction\",\"target\":\"https:\/\/erespart.cz\/eshop\/?s={search_term_string}\",\"query-input\":\"required name=search_term_string\"}],\"inLanguage\":\"cs\"},{\"@type\":\"WebPage\",\"@id\":\"https:\/\/erespart.cz\/eshop\/#webpage\",\"url\":\"https:\/\/erespart.cz\/eshop\/\",\"name\":\"Eshop- Erespart.cz\",\"isPartOf\":{\"@id\":\"https:\/\/erespart.cz\/eshop\/#website\"},\"datePublished\":\"2019-10-22T20:01:30+00:00\",\"dateModified\":\"2021-12-07T08:18:07+00:00\",\"breadcrumb\":{\"@id\":\"https:\/\/erespart.cz\/eshop\/#breadcrumb\"},\"inLanguage\":\"cs\",\"potentialAction\":[{\"@type\":\"ReadAction\",\"target\":[\"https:\/\/erespart.cz\/eshop\/\"]}]},{\"@type\":\"BreadcrumbList\",\"@id\":\"https:\/\/erespart.cz\/eshop\/#breadcrumb\",\"itemListElement\":[{\"@type\":\"ListItem\",\"position\":1,\"name\":\"Dom\\u016f\",\"item\":\"https:\/\/erespart.cz\/eshop\/\"},{\"@type\":\"ListItem\",\"position\":2,\"name\":\"Hlavn\\u00ed strana\"}]}]}<\/script>\n<!-- \/ Yoast SEO plugin. -->","_links":{"self":[{"href":"https:\/\/erespart.cz\/eshop\/wp-json\/wp\/v2\/pages\/142"}],"collection":[{"href":"https:\/\/erespart.cz\/eshop\/wp-json\/wp\/v2\/pages"}],"about":[{"href":"https:\/\/erespart.cz\/eshop\/wp-json\/wp\/v2\/types\/page"}],"author":[{"embeddable":true,"href":"https:\/\/erespart.cz\/eshop\/wp-json\/wp\/v2\/users\/1"}],"replies":[{"embeddable":true,"href":"https:\/\/erespart.cz\/eshop\/wp-json\/wp\/v2\/comments?post=142"}],"version-history":[{"count":87,"href":"https:\/\/erespart.cz\/eshop\/wp-json\/wp\/v2\/pages\/142\/revisions"}],"predecessor-version":[{"id":1877,"href":"https:\/\/erespart.cz\/eshop\/wp-json\/wp\/v2\/pages\/142\/revisions\/1877"}],"wp:attachment":[{"href":"https:\/\/erespart.cz\/eshop\/wp-json\/wp\/v2\/media?parent=142"}],"curies":[{"name":"wp","href":"https:\/\/api.w.org\/{rel}","templated":true}]}}